{"id":177,"date":"2021-12-12T23:31:36","date_gmt":"2021-12-12T23:31:36","guid":{"rendered":"https:\/\/irvis.eu\/?page_id=177"},"modified":"2021-12-13T22:24:25","modified_gmt":"2021-12-13T22:24:25","slug":"bauwesen","status":"publish","type":"page","link":"https:\/\/irvis.eu\/?page_id=177","title":{"rendered":"Geb\u00e4ude"},"content":{"rendered":"\n<p align=\"justify\">Die Entwicklung der Industrie hat in der heutigen Welt den Abbau riesiger Mengen von Rohstoffen und die Schaffung leistungsf\u00e4higer Energiequellen erforderlich gemacht, was zur Ersch\u00f6pfung zahlreicher fossiler Ressourcen gef\u00fchrt hat. Dar\u00fcber hinaus ist das Problem der Umweltverschmutzung durch Industrie-, Verkehrs- und Bauabf\u00e4lle entstanden. Unsere Atmosph\u00e4re, unser Wasser und Boden sind einer starken Verschmutzung ausgesetzt. Die Ver\u00e4nderungen in der Natur, die durch menschliche Aktivit\u00e4ten hervorgerufen wurden, sind mittlerweile global und stellen eine ernsthafte Bedrohung f\u00fcr das nat\u00fcrliche Gleichgewicht dar.<\/p>\n\n\n\n<p align=\"justify\"><b>Das Bauwesen als wesentlicher und notwendiger Bestandteil der Urbanisierung erfordert einen durchdachten und sachkundigen Ansatz.<\/b><\/p>\n\n\n\n<p align=\"justify\">In der Zwischenzeit ist die Baubranche zu einem der gr\u00f6\u00dften Faktoren geworden, die die Umwelt belasten. Die anthropogenen Auswirkungen des Bauens sind vielf\u00e4ltiger Natur und treten in allen Phasen der Baut\u00e4tigkeit auf, von der Gewinnung der Baumaterialien bis hin zum Betrieb der fertigen Anlagen.\nDas Ausma\u00df der Umweltauswirkungen h\u00e4ngt von den verwendeten Baumaterialien, der f\u00fcr den Bau von Geb\u00e4uden und Bauwerken eingesetzten Technologie, der technischen Ausr\u00fcstung der Bauproduktion, der Art und Qualit\u00e4t der Baumaschinen und -mechanismen, sowie von anderen Faktoren ab.<\/p>\n\n\n\n<p align=\"justify\">Baustellen werden zu einer Quelle der Umweltverschmutzung f\u00fcr benachbarte Gebiete: Fahrzeugabgase und Motorenl\u00e4rm, M\u00fcllverbrennung. Das Wasser &#8211; ein Bestandteil von M\u00f6rteln, wird in der Bauindustrie in gro\u00dfem Umfang verwendet und nach der Verwendung abgeleitet, wodurch Grundwasser und B\u00f6den verschmutzt werden.<\/p>\n\n\n\n<p align=\"justify\">Der Bau selbst ist jedoch ein relativ kurzfristiger Prozess. Viel schwieriger ist es, sich mit den Auswirkungen der Objekte auf die Natur zu befassen. Die Produkte des Bauwesens sind Geb\u00e4ude, Bauwerke sowie deren Komplexe und urbanisierte Gebiete. Ihre Auswirkungen auf die Umwelt sind noch nicht ausreichend erforscht, so dass viele Umweltma\u00dfnahmen empfehlenden Charakter haben.<\/p>\n\n\n\n<p align=\"justify\">Bauunternehmen betrachten strengere Umweltauflagen oft als etwas v\u00f6llig Unn\u00f6tiges, das ihre Kosten in die H\u00f6he treibt. Im Zeitalter der fortschrittlichen Bauindustrie, in dem sich unsere Gesellschaft von nat\u00fcrlichen Baumaterialien abgewandt hat und zu k\u00fcnstlich hergestellten Materialien \u00fcbergegangen ist, sind die ergriffenen Ma\u00dfnahmen jedoch durchaus relevant und zutiefst gerechtfertigt.<\/p>\n\n\n\n<p align=\"justify\">Unternehmen, die Baustoffe herstellen, geben gro\u00dfe Mengen an Abfall, Staub und Verbrennungsprodukten an die Umwelt ab. Der Baubedarf wird mit Maschinen und Fahrzeugen gedeckt, die oft nicht umweltfreundlich sind.<\/p>\n\n\n\n<p align=\"justify\">Die Bauarbeiten selbst werden oft ohne R\u00fccksicht auf die Erhaltung der Landschaft und im Allgemeinen auf die Umwelt durchgef\u00fchrt.<\/p>\n\n\n\n<p align=\"justify\">Aus diesem Grund sind die Umweltauflagen f\u00fcr das Bauen in letzter Zeit strenger geworden, und es wird immer mehr Wert auf Themen wie \u00f6kologische Entwicklung, den Bau von \u00d6koh\u00e4usern und so genannten Aktivh\u00e4usern gelegt, was h\u00e4ufig als &#8222;gr\u00fcnes Bauen&#8220; bezeichnet wird.<\/p>\n\n\n\n<p align=\"justify\">Das Interesse am Bau von \u00f6kologischen Fertigh\u00e4usern ist heute gro\u00df. Diese H\u00e4user haben hervorragende Festigkeits- und W\u00e4rmed\u00e4mmeigenschaften. Die H\u00e4user werden  aus umweltfreundlichen Materialien hergestellt. Die werkseigene Herstellung garantiert hohe Qualit\u00e4t. Die H\u00e4user werden vor Ort nur zusammengebaut, was die Auswirkungen auf die Umwelt minimiert.<\/p>\n\n\n\n<p align=\"justify\">Die IRVIS GmbH bietet Ihnen, den Entwurf, die Herstellung und die Montage Ihres Hauses mit oder ohne Ausbau an, alles aus einer Hand.<\/p>\n\n\n\n<figure class=\"wp-block-gallery columns-0 is-cropped wp-block-gallery-1 is-layout-flex wp-block-gallery-is-layout-flex\"><ul class=\"blocks-gallery-grid\"><li class=\"blocks-gallery-item\"><figure><img loading=\"lazy\" decoding=\"async\" width=\"294\" height=\"206\" src=\"https:\/\/irvis.eu\/wp-content\/uploads\/2021\/12\/Bauwesen-1_1.png\" alt=\"\" data-id=\"192\" data-full-url=\"https:\/\/irvis.eu\/wp-content\/uploads\/2021\/12\/Bauwesen-1_1.png\" data-link=\"https:\/\/irvis.eu\/?attachment_id=192\" class=\"wp-image-192\"\/><\/figure><\/li><li class=\"blocks-gallery-item\"><figure><img loading=\"lazy\" decoding=\"async\" width=\"278\" height=\"206\" src=\"https:\/\/irvis.eu\/wp-content\/uploads\/2021\/12\/Bauwesen-1_2.png\" alt=\"\" data-id=\"193\" data-full-url=\"https:\/\/irvis.eu\/wp-content\/uploads\/2021\/12\/Bauwesen-1_2.png\" data-link=\"https:\/\/irvis.eu\/?attachment_id=193\" class=\"wp-image-193\"\/><\/figure><\/li><li class=\"blocks-gallery-item\"><figure><img loading=\"lazy\" decoding=\"async\" width=\"302\" height=\"219\" src=\"https:\/\/irvis.eu\/wp-content\/uploads\/2021\/12\/Bauwesen-1_3.png\" alt=\"\" data-id=\"194\" data-full-url=\"https:\/\/irvis.eu\/wp-content\/uploads\/2021\/12\/Bauwesen-1_3.png\" data-link=\"https:\/\/irvis.eu\/?attachment_id=194\" class=\"wp-image-194\" srcset=\"https:\/\/irvis.eu\/wp-content\/uploads\/2021\/12\/Bauwesen-1_3.png 302w, https:\/\/irvis.eu\/wp-content\/uploads\/2021\/12\/Bauwesen-1_3-300x218.png 300w\" sizes=\"auto, (max-width: 302px) 100vw, 302px\" \/><\/figure><\/li><li class=\"blocks-gallery-item\"><figure><img loading=\"lazy\" decoding=\"async\" width=\"301\" height=\"213\" src=\"https:\/\/irvis.eu\/wp-content\/uploads\/2021\/12\/Bauwesen-1_4.png\" alt=\"\" data-id=\"195\" data-full-url=\"https:\/\/irvis.eu\/wp-content\/uploads\/2021\/12\/Bauwesen-1_4.png\" data-link=\"https:\/\/irvis.eu\/?attachment_id=195\" class=\"wp-image-195\"\/><\/figure><\/li><li class=\"blocks-gallery-item\"><figure><img loading=\"lazy\" decoding=\"async\" width=\"302\" height=\"217\" src=\"https:\/\/irvis.eu\/wp-content\/uploads\/2021\/12\/Bauwesen-1_5.png\" alt=\"\" data-id=\"196\" data-full-url=\"https:\/\/irvis.eu\/wp-content\/uploads\/2021\/12\/Bauwesen-1_5.png\" data-link=\"https:\/\/irvis.eu\/?attachment_id=196\" class=\"wp-image-196\" srcset=\"https:\/\/irvis.eu\/wp-content\/uploads\/2021\/12\/Bauwesen-1_5.png 302w, https:\/\/irvis.eu\/wp-content\/uploads\/2021\/12\/Bauwesen-1_5-300x216.png 300w\" sizes=\"auto, (max-width: 302px) 100vw, 302px\" \/><\/figure><\/li><li class=\"blocks-gallery-item\"><figure><img loading=\"lazy\" decoding=\"async\" width=\"302\" height=\"215\" src=\"https:\/\/irvis.eu\/wp-content\/uploads\/2021\/12\/Bauwesen-1_6.png\" alt=\"\" data-id=\"197\" data-full-url=\"https:\/\/irvis.eu\/wp-content\/uploads\/2021\/12\/Bauwesen-1_6.png\" data-link=\"https:\/\/irvis.eu\/?attachment_id=197\" class=\"wp-image-197\" srcset=\"https:\/\/irvis.eu\/wp-content\/uploads\/2021\/12\/Bauwesen-1_6.png 302w, https:\/\/irvis.eu\/wp-content\/uploads\/2021\/12\/Bauwesen-1_6-300x214.png 300w\" sizes=\"auto, (max-width: 302px) 100vw, 302px\" \/><\/figure><\/li><\/ul><\/figure>\n\n\n\n<p align=\"justify\"><b>Unser Unternehmen legt ebenso viel Wert auf die Qualit\u00e4t der Ausbauarbeiten.<\/b><\/p>\n\n\n\n<figure class=\"wp-block-gallery columns-2 is-cropped wp-block-gallery-2 is-layout-flex wp-block-gallery-is-layout-flex\"><ul class=\"blocks-gallery-grid\"><li class=\"blocks-gallery-item\"><figure><img loading=\"lazy\" decoding=\"async\" width=\"262\" height=\"166\" src=\"https:\/\/irvis.eu\/wp-content\/uploads\/2021\/12\/Bauwesen-2_1.png\" alt=\"\" data-id=\"198\" data-full-url=\"https:\/\/irvis.eu\/wp-content\/uploads\/2021\/12\/Bauwesen-2_1.png\" data-link=\"https:\/\/irvis.eu\/?attachment_id=198\" class=\"wp-image-198\"\/><\/figure><\/li><li class=\"blocks-gallery-item\"><figure><img loading=\"lazy\" decoding=\"async\" width=\"286\" height=\"166\" src=\"https:\/\/irvis.eu\/wp-content\/uploads\/2021\/12\/Bauwesen-2_2.png\" alt=\"\" data-id=\"199\" data-full-url=\"https:\/\/irvis.eu\/wp-content\/uploads\/2021\/12\/Bauwesen-2_2.png\" data-link=\"https:\/\/irvis.eu\/?attachment_id=199\" class=\"wp-image-199\"\/><\/figure><\/li><li class=\"blocks-gallery-item\"><figure><img loading=\"lazy\" decoding=\"async\" width=\"266\" height=\"162\" src=\"https:\/\/irvis.eu\/wp-content\/uploads\/2021\/12\/Bauwesen-2_3.png\" alt=\"\" data-id=\"200\" data-full-url=\"https:\/\/irvis.eu\/wp-content\/uploads\/2021\/12\/Bauwesen-2_3.png\" data-link=\"https:\/\/irvis.eu\/?attachment_id=200\" class=\"wp-image-200\"\/><\/figure><\/li><li class=\"blocks-gallery-item\"><figure><img loading=\"lazy\" decoding=\"async\" width=\"282\" height=\"166\" src=\"https:\/\/irvis.eu\/wp-content\/uploads\/2021\/12\/Bauwesen-2_4.png\" alt=\"\" data-id=\"201\" data-full-url=\"https:\/\/irvis.eu\/wp-content\/uploads\/2021\/12\/Bauwesen-2_4.png\" data-link=\"https:\/\/irvis.eu\/?attachment_id=201\" class=\"wp-image-201\"\/><\/figure><\/li><li class=\"blocks-gallery-item\"><figure><img loading=\"lazy\" decoding=\"async\" width=\"275\" height=\"135\" src=\"https:\/\/irvis.eu\/wp-content\/uploads\/2021\/12\/Bauwesen-2_5.png\" alt=\"\" data-id=\"202\" data-full-url=\"https:\/\/irvis.eu\/wp-content\/uploads\/2021\/12\/Bauwesen-2_5.png\" data-link=\"https:\/\/irvis.eu\/?attachment_id=202\" class=\"wp-image-202\"\/><\/figure><\/li><li class=\"blocks-gallery-item\"><figure><img loading=\"lazy\" decoding=\"async\" width=\"288\" height=\"135\" src=\"https:\/\/irvis.eu\/wp-content\/uploads\/2021\/12\/Bauwesen-2_6.png\" alt=\"\" data-id=\"203\" data-full-url=\"https:\/\/irvis.eu\/wp-content\/uploads\/2021\/12\/Bauwesen-2_6.png\" data-link=\"https:\/\/irvis.eu\/?attachment_id=203\" class=\"wp-image-203\"\/><\/figure><\/li><li class=\"blocks-gallery-item\"><figure><img loading=\"lazy\" decoding=\"async\" width=\"274\" height=\"164\" src=\"https:\/\/irvis.eu\/wp-content\/uploads\/2021\/12\/Bauwesen-2_7.png\" alt=\"\" data-id=\"204\" data-full-url=\"https:\/\/irvis.eu\/wp-content\/uploads\/2021\/12\/Bauwesen-2_7.png\" data-link=\"https:\/\/irvis.eu\/?attachment_id=204\" class=\"wp-image-204\"\/><\/figure><\/li><li class=\"blocks-gallery-item\"><figure><img loading=\"lazy\" decoding=\"async\" width=\"288\" height=\"164\" src=\"https:\/\/irvis.eu\/wp-content\/uploads\/2021\/12\/Bauwesen-2_8.png\" alt=\"\" data-id=\"205\" data-full-url=\"https:\/\/irvis.eu\/wp-content\/uploads\/2021\/12\/Bauwesen-2_8.png\" data-link=\"https:\/\/irvis.eu\/?attachment_id=205\" class=\"wp-image-205\"\/><\/figure><\/li><li class=\"blocks-gallery-item\"><figure><img loading=\"lazy\" decoding=\"async\" width=\"274\" height=\"186\" src=\"https:\/\/irvis.eu\/wp-content\/uploads\/2021\/12\/Bauwesen-2_9.png\" alt=\"\" data-id=\"206\" data-full-url=\"https:\/\/irvis.eu\/wp-content\/uploads\/2021\/12\/Bauwesen-2_9.png\" data-link=\"https:\/\/irvis.eu\/?attachment_id=206\" class=\"wp-image-206\"\/><\/figure><\/li><li class=\"blocks-gallery-item\"><figure><img loading=\"lazy\" decoding=\"async\" width=\"290\" height=\"186\" src=\"https:\/\/irvis.eu\/wp-content\/uploads\/2021\/12\/Bauwesen-2_10.png\" alt=\"\" data-id=\"207\" data-full-url=\"https:\/\/irvis.eu\/wp-content\/uploads\/2021\/12\/Bauwesen-2_10.png\" data-link=\"https:\/\/irvis.eu\/?attachment_id=207\" class=\"wp-image-207\"\/><\/figure><\/li><\/ul><\/figure>\n\n\n\n<p align=\"justify\">Wir verwenden nur zertifizierte Materialien und keine Materialien, die potenziell umweltsch\u00e4dlich sind. Dies wird bereits von vielen unserer Auftraggeber und Kunden gesch\u00e4tzt.<\/p>\n\n\n\n<p align=\"justify\">Unsere Kunden<\/p>\n\n\n\n<ul>\n  <li>Hugo Boss(Friedrihstra\u00dfe berlin)<\/li>\n  <li>Fit X Gelsekrichen<\/li>\n  <li>Fit XKoblenz<\/li>\n  <li>New Courts Berlin<\/li>\n  <li>HIEX Frankfurt Airport (Holiday Inn)<\/li>\n  <li>HIEX Messe Frankfurt (Holiday Inn) <\/li>\n  <li>Stik und Sushi Kantstra\u00dfe<\/li>\n<\/ul>\n\n\n\n<p align=\"justify\">Wir sind von der hohen Qualit\u00e4t unserer Arbeit \u00fcberzeugt.\nWir w\u00fcrden uns freuen, Sie unter unseren Partnern oder Kunden zu sehen\n<\/p>\n","protected":false},"excerpt":{"rendered":"<p>Die Entwicklung der Industrie hat in der heutigen Welt den Abbau riesiger Mengen von Rohstoffen und die Schaffung leistungsf\u00e4higer Energiequellen erforderlich gemacht, was zur Ersch\u00f6pfung zahlreicher fossiler Ressourcen gef\u00fchrt hat. Dar\u00fcber hinaus ist das Problem der Umweltverschmutzung durch Industrie-, Verkehrs- und Bauabf\u00e4lle entstanden. Unsere Atmosph\u00e4re, unser Wasser und Boden sind einer starken Verschmutzung ausgesetzt. Die &hellip; <\/p>\n<p class=\"link-more\"><a href=\"https:\/\/irvis.eu\/?page_id=177\" class=\"more-link\"><span class=\"screen-reader-text\">\u201eGeb\u00e4ude\u201c <\/span>weiterlesen<\/a><\/p>\n","protected":false},"author":1,"featured_media":0,"parent":0,"menu_order":0,"comment_status":"closed","ping_status":"closed","template":"","meta":{"_coblocks_attr":"","_coblocks_dimensions":"","_coblocks_responsive_height":"","_coblocks_accordion_ie_support":"","footnotes":""},"class_list":["post-177","page","type-page","status-publish","hentry"],"_links":{"self":[{"href":"https:\/\/irvis.eu\/index.php?rest_route=\/wp\/v2\/pages\/177","targetHints":{"allow":["GET"]}}],"collection":[{"href":"https:\/\/irvis.eu\/index.php?rest_route=\/wp\/v2\/pages"}],"about":[{"href":"https:\/\/irvis.eu\/index.php?rest_route=\/wp\/v2\/types\/page"}],"author":[{"embeddable":true,"href":"https:\/\/irvis.eu\/index.php?rest_route=\/wp\/v2\/users\/1"}],"replies":[{"embeddable":true,"href":"https:\/\/irvis.eu\/index.php?rest_route=%2Fwp%2Fv2%2Fcomments&post=177"}],"version-history":[{"count":5,"href":"https:\/\/irvis.eu\/index.php?rest_route=\/wp\/v2\/pages\/177\/revisions"}],"predecessor-version":[{"id":217,"href":"https:\/\/irvis.eu\/index.php?rest_route=\/wp\/v2\/pages\/177\/revisions\/217"}],"wp:attachment":[{"href":"https:\/\/irvis.eu\/index.php?rest_route=%2Fwp%2Fv2%2Fmedia&parent=177"}],"curies":[{"name":"wp","href":"https:\/\/api.w.org\/{rel}","templated":true}]}}