{"id":20,"date":"2021-09-21T18:39:15","date_gmt":"2021-09-21T18:39:15","guid":{"rendered":"https:\/\/irvis.eu\/?page_id=20"},"modified":"2021-09-30T06:48:26","modified_gmt":"2021-09-30T06:48:26","slug":"ueber-uns","status":"publish","type":"page","link":"https:\/\/irvis.eu\/?page_id=20","title":{"rendered":"\u00dcber uns"},"content":{"rendered":"\n<blockquote class=\"wp-block-quote is-style-large is-layout-flow wp-block-quote-is-layout-flow\"><p>Es darf nicht sein, dass der Mensch die Kr\u00e4fte der Natur, die er entdeckt und erobert hat, auf seine eigene Zerst\u00f6rung ausrichtet.<\/p><cite>Jean Fr\u00e9d\u00e9ric Joliot-Curie<\/cite><\/blockquote>\n\n\n\n<hr class=\"wp-block-separator is-style-wide\"\/>\n\n\n\n<p align=\"justify\">Die IRVIS GmbH ist ein modernes und dynamisches Unternehmen, das an der Entwicklung und Umsetzung innovativer und umweltfreundlicher Technologien in den Bereichen Energie, Bauwesen, Gewinnung von Bodensch\u00e4tzen und Umwandlung von festen und fl\u00fcssigen Industrie- und Siedlungsabf\u00e4llen in Energieressourcen arbeitet.<\/p>\n\n\n\n<p class=\"has-medium-font-size\" style=\"line-height:0\"><strong>Unsere Hauptt\u00e4tigkeitsbereiche sind:<\/strong><\/p>\n\n\n\n<ul class=\"is-style-default wp-block-list\"><li align=\"justify\">wissenschaftliche Aktivit\u00e4ten, Entwicklung und Umsetzung neuer Umwelttechnologien in Zusammenarbeit mit deutschen und ausl\u00e4ndischen Forschungsinstituten;<\/li><li align=\"justify\">Bautechnologien. Durchf\u00fchrung von Ausbauarbeiten im Baubereich unter Verwendung moderner umweltfreundlicher Materialien und Technologien;<\/li><li align=\"justify\">innovative Technologien im Bereich der Abfallverwertung von festen und fl\u00fcssigen Industrie- und Haushaltsabf\u00e4llen. Individuelle Planung und Errichtung von Anlagen zur umweltfreundlichen Verwertung von Abf\u00e4llen und deren Umwandlung in Energie, sowie Gewinnung n\u00fctzlicher Produkte;<\/li><li align=\"justify\">innovative Technologien f\u00fcr das Recycling gef\u00e4hrlicher Abf\u00e4lle ohne Umweltbelastung und Gewinnung n\u00fctzlicher Produkte;<\/li><li align=\"justify\">innovative Umwelttechnologien f\u00fcr die \u00dcberwachung und Reparatur von Bohrl\u00f6chern bei der Gas- und \u00d6lf\u00f6rderung, ohne in das Bohrloch einzugreifen.<\/li><\/ul>\n","protected":false},"excerpt":{"rendered":"<p>Es darf nicht sein, dass der Mensch die Kr\u00e4fte der Natur, die er entdeckt und erobert hat, auf seine eigene Zerst\u00f6rung ausrichtet. Jean Fr\u00e9d\u00e9ric Joliot-Curie Die IRVIS GmbH ist ein modernes und dynamisches Unternehmen, das an der Entwicklung und Umsetzung innovativer und umweltfreundlicher Technologien in den Bereichen Energie, Bauwesen, Gewinnung von Bodensch\u00e4tzen und Umwandlung von &hellip; <\/p>\n<p class=\"link-more\"><a href=\"https:\/\/irvis.eu\/?page_id=20\" class=\"more-link\"><span class=\"screen-reader-text\">\u201e\u00dcber uns\u201c <\/span>weiterlesen<\/a><\/p>\n","protected":false},"author":1,"featured_media":0,"parent":0,"menu_order":0,"comment_status":"closed","ping_status":"closed","template":"","meta":{"_coblocks_attr":"","_coblocks_dimensions":"","_coblocks_responsive_height":"","_coblocks_accordion_ie_support":"","footnotes":""},"class_list":["post-20","page","type-page","status-publish","hentry"],"_links":{"self":[{"href":"https:\/\/irvis.eu\/index.php?rest_route=\/wp\/v2\/pages\/20","targetHints":{"allow":["GET"]}}],"collection":[{"href":"https:\/\/irvis.eu\/index.php?rest_route=\/wp\/v2\/pages"}],"about":[{"href":"https:\/\/irvis.eu\/index.php?rest_route=\/wp\/v2\/types\/page"}],"author":[{"embeddable":true,"href":"https:\/\/irvis.eu\/index.php?rest_route=\/wp\/v2\/users\/1"}],"replies":[{"embeddable":true,"href":"https:\/\/irvis.eu\/index.php?rest_route=%2Fwp%2Fv2%2Fcomments&post=20"}],"version-history":[{"count":8,"href":"https:\/\/irvis.eu\/index.php?rest_route=\/wp\/v2\/pages\/20\/revisions"}],"predecessor-version":[{"id":122,"href":"https:\/\/irvis.eu\/index.php?rest_route=\/wp\/v2\/pages\/20\/revisions\/122"}],"wp:attachment":[{"href":"https:\/\/irvis.eu\/index.php?rest_route=%2Fwp%2Fv2%2Fmedia&parent=20"}],"curies":[{"name":"wp","href":"https:\/\/api.w.org\/{rel}","templated":true}]}}